{"id":972,"date":"2023-02-08T20:33:45","date_gmt":"2023-02-09T02:33:45","guid":{"rendered":"https:\/\/gpohuerta.com\/?page_id=972"},"modified":"2023-02-08T20:54:57","modified_gmt":"2023-02-09T02:54:57","slug":"botanas","status":"publish","type":"page","link":"https:\/\/gpohuerta.com\/index.php\/botanas\/","title":{"rendered":"Botanas"},"content":{"rendered":"\t\t<div data-elementor-type=\"wp-page\" data-elementor-id=\"972\" class=\"elementor elementor-972\" data-elementor-settings=\"[]\">\n\t\t\t\t\t\t\t<div class=\"elementor-section-wrap\">\n\t\t\t\t\t\t\t<section class=\"elementor-section elementor-top-section elementor-element elementor-element-ba8a513 elementor-section-boxed elementor-section-height-default elementor-section-height-default\" data-id=\"ba8a513\" data-element_type=\"section\">\n\t\t\t\t\t\t<div class=\"elementor-container elementor-column-gap-default\">\n\t\t\t\t\t<div class=\"elementor-column elementor-col-100 elementor-top-column elementor-element elementor-element-1f6c44b\" data-id=\"1f6c44b\" data-element_type=\"column\">\n\t\t\t<div class=\"elementor-widget-wrap elementor-element-populated\">\n\t\t\t\t\t\t\t\t<div class=\"elementor-element elementor-element-cec9b17 elementor-widget elementor-widget-spacer\" data-id=\"cec9b17\" data-element_type=\"widget\" data-widget_type=\"spacer.default\">\n\t\t\t\t<div class=\"elementor-widget-container\">\n\t\t\t\t\t<div class=\"elementor-spacer\">\n\t\t\t<div class=\"elementor-spacer-inner\"><\/div>\n\t\t<\/div>\n\t\t\t\t<\/div>\n\t\t\t\t<\/div>\n\t\t\t\t<div class=\"elementor-element elementor-element-78863fb elementor-widget elementor-widget-image\" data-id=\"78863fb\" data-element_type=\"widget\" data-widget_type=\"image.default\">\n\t\t\t\t<div class=\"elementor-widget-container\">\n\t\t\t\t\t\t\t\t\t\t\t\t\t\t\t<img loading=\"lazy\" decoding=\"async\" width=\"768\" height=\"576\" src=\"https:\/\/gpohuerta.com\/wp-content\/uploads\/2023\/02\/log-bh-768x576.png\" class=\"attachment-medium_large size-medium_large\" alt=\"\" srcset=\"https:\/\/gpohuerta.com\/wp-content\/uploads\/2023\/02\/log-bh-768x576.png 768w, https:\/\/gpohuerta.com\/wp-content\/uploads\/2023\/02\/log-bh-300x225.png 300w, https:\/\/gpohuerta.com\/wp-content\/uploads\/2023\/02\/log-bh.png 800w\" sizes=\"auto, (max-width: 768px) 100vw, 768px\" \/>\t\t\t\t\t\t\t\t\t\t\t\t\t\t\t<\/div>\n\t\t\t\t<\/div>\n\t\t\t\t<div class=\"elementor-element elementor-element-9e5ad7d elementor-widget elementor-widget-heading\" data-id=\"9e5ad7d\" data-element_type=\"widget\" data-widget_type=\"heading.default\">\n\t\t\t\t<div class=\"elementor-widget-container\">\n\t\t\t<h2 class=\"elementor-heading-title elementor-size-default\">Botanas<\/h2>\t\t<\/div>\n\t\t\t\t<\/div>\n\t\t\t\t\t<\/div>\n\t\t<\/div>\n\t\t\t\t\t\t\t<\/div>\n\t\t<\/section>\n\t\t\t\t<section class=\"elementor-section elementor-top-section elementor-element elementor-element-6f10318 elementor-section-boxed elementor-section-height-default elementor-section-height-default\" data-id=\"6f10318\" data-element_type=\"section\">\n\t\t\t\t\t\t<div class=\"elementor-container elementor-column-gap-default\">\n\t\t\t\t\t<div class=\"elementor-column elementor-col-100 elementor-top-column elementor-element elementor-element-8cdb82d\" data-id=\"8cdb82d\" data-element_type=\"column\">\n\t\t\t<div class=\"elementor-widget-wrap elementor-element-populated\">\n\t\t\t\t\t\t\t\t<div class=\"elementor-element elementor-element-76eff12 gallery-spacing-custom elementor-widget elementor-widget-image-gallery\" data-id=\"76eff12\" data-element_type=\"widget\" data-widget_type=\"image-gallery.default\">\n\t\t\t\t<div class=\"elementor-widget-container\">\n\t\t\t\t\t<div class=\"elementor-image-gallery\">\n\t\t\t<div id='gallery-1' class='gallery galleryid-972 gallery-columns-4 gallery-size-medium_large'><figure class='gallery-item'>\n\t\t\t<div class='gallery-icon portrait'>\n\t\t\t\t<a data-elementor-open-lightbox=\"no\" href='https:\/\/gpohuerta.com\/wp-content\/uploads\/2023\/02\/cacahuate-cascarita-e1675910630764.png'><img loading=\"lazy\" decoding=\"async\" width=\"432\" height=\"521\" src=\"https:\/\/gpohuerta.com\/wp-content\/uploads\/2023\/02\/cacahuate-cascarita-e1675910630764.png\" class=\"attachment-medium_large size-medium_large\" alt=\"\" aria-describedby=\"gallery-1-996\" srcset=\"https:\/\/gpohuerta.com\/wp-content\/uploads\/2023\/02\/cacahuate-cascarita-e1675910630764.png 432w, https:\/\/gpohuerta.com\/wp-content\/uploads\/2023\/02\/cacahuate-cascarita-e1675910630764-249x300.png 249w\" sizes=\"auto, (max-width: 432px) 100vw, 432px\" \/><\/a>\n\t\t\t<\/div>\n\t\t\t\t<figcaption class='wp-caption-text gallery-caption' id='gallery-1-996'>\n\t\t\t\tCacahuate Cascarita\n\t\t\t\t<\/figcaption><\/figure><figure class='gallery-item'>\n\t\t\t<div class='gallery-icon portrait'>\n\t\t\t\t<a data-elementor-open-lightbox=\"no no\" href='https:\/\/gpohuerta.com\/wp-content\/uploads\/2023\/02\/cacahuate-cascara-e1675910761219.png'><img loading=\"lazy\" decoding=\"async\" width=\"429\" height=\"521\" src=\"https:\/\/gpohuerta.com\/wp-content\/uploads\/2023\/02\/cacahuate-cascara-e1675910761219.png\" class=\"attachment-medium_large size-medium_large\" alt=\"\" aria-describedby=\"gallery-1-997\" srcset=\"https:\/\/gpohuerta.com\/wp-content\/uploads\/2023\/02\/cacahuate-cascara-e1675910761219.png 429w, https:\/\/gpohuerta.com\/wp-content\/uploads\/2023\/02\/cacahuate-cascara-e1675910761219-247x300.png 247w\" sizes=\"auto, (max-width: 429px) 100vw, 429px\" \/><\/a>\n\t\t\t<\/div>\n\t\t\t\t<figcaption class='wp-caption-text gallery-caption' id='gallery-1-997'>\n\t\t\t\tCacahuate C\u00e1scara\n\t\t\t\t<\/figcaption><\/figure><figure class='gallery-item'>\n\t\t\t<div class='gallery-icon portrait'>\n\t\t\t\t<a data-elementor-open-lightbox=\"no no no\" href='https:\/\/gpohuerta.com\/wp-content\/uploads\/2023\/02\/cacahuate-enchilado-e1675910778544.png'><img loading=\"lazy\" decoding=\"async\" width=\"436\" height=\"521\" src=\"https:\/\/gpohuerta.com\/wp-content\/uploads\/2023\/02\/cacahuate-enchilado-e1675910778544.png\" class=\"attachment-medium_large size-medium_large\" alt=\"\" aria-describedby=\"gallery-1-999\" srcset=\"https:\/\/gpohuerta.com\/wp-content\/uploads\/2023\/02\/cacahuate-enchilado-e1675910778544.png 436w, https:\/\/gpohuerta.com\/wp-content\/uploads\/2023\/02\/cacahuate-enchilado-e1675910778544-251x300.png 251w\" sizes=\"auto, (max-width: 436px) 100vw, 436px\" \/><\/a>\n\t\t\t<\/div>\n\t\t\t\t<figcaption class='wp-caption-text gallery-caption' id='gallery-1-999'>\n\t\t\t\tCacahuate Enchilado\n\t\t\t\t<\/figcaption><\/figure><figure class='gallery-item'>\n\t\t\t<div class='gallery-icon portrait'>\n\t\t\t\t<a data-elementor-open-lightbox=\"no no no no\" href='https:\/\/gpohuerta.com\/wp-content\/uploads\/2023\/02\/cacahuate-garapinado-e1675910797839.png'><img loading=\"lazy\" decoding=\"async\" width=\"431\" height=\"521\" src=\"https:\/\/gpohuerta.com\/wp-content\/uploads\/2023\/02\/cacahuate-garapinado-e1675910797839.png\" class=\"attachment-medium_large size-medium_large\" alt=\"\" aria-describedby=\"gallery-1-1000\" srcset=\"https:\/\/gpohuerta.com\/wp-content\/uploads\/2023\/02\/cacahuate-garapinado-e1675910797839.png 431w, https:\/\/gpohuerta.com\/wp-content\/uploads\/2023\/02\/cacahuate-garapinado-e1675910797839-248x300.png 248w\" sizes=\"auto, (max-width: 431px) 100vw, 431px\" \/><\/a>\n\t\t\t<\/div>\n\t\t\t\t<figcaption class='wp-caption-text gallery-caption' id='gallery-1-1000'>\n\t\t\t\tCacahuate Garapi\u00f1ado\n\t\t\t\t<\/figcaption><\/figure><figure class='gallery-item'>\n\t\t\t<div class='gallery-icon portrait'>\n\t\t\t\t<a data-elementor-open-lightbox=\"no no no no no\" href='https:\/\/gpohuerta.com\/wp-content\/uploads\/2023\/02\/cacahuate-habanero-e1675910837900.png'><img loading=\"lazy\" decoding=\"async\" width=\"433\" height=\"521\" src=\"https:\/\/gpohuerta.com\/wp-content\/uploads\/2023\/02\/cacahuate-habanero-e1675910837900.png\" class=\"attachment-medium_large size-medium_large\" alt=\"\" aria-describedby=\"gallery-1-1001\" srcset=\"https:\/\/gpohuerta.com\/wp-content\/uploads\/2023\/02\/cacahuate-habanero-e1675910837900.png 433w, https:\/\/gpohuerta.com\/wp-content\/uploads\/2023\/02\/cacahuate-habanero-e1675910837900-249x300.png 249w\" sizes=\"auto, (max-width: 433px) 100vw, 433px\" \/><\/a>\n\t\t\t<\/div>\n\t\t\t\t<figcaption class='wp-caption-text gallery-caption' id='gallery-1-1001'>\n\t\t\t\tCacahuate Habanero\n\t\t\t\t<\/figcaption><\/figure><figure class='gallery-item'>\n\t\t\t<div class='gallery-icon portrait'>\n\t\t\t\t<a data-elementor-open-lightbox=\"no no no no no no\" href='https:\/\/gpohuerta.com\/wp-content\/uploads\/2023\/02\/cacahuate-hot-nut.png'><img loading=\"lazy\" decoding=\"async\" width=\"483\" height=\"521\" src=\"https:\/\/gpohuerta.com\/wp-content\/uploads\/2023\/02\/cacahuate-hot-nut.png\" class=\"attachment-medium_large size-medium_large\" alt=\"\" aria-describedby=\"gallery-1-1002\" srcset=\"https:\/\/gpohuerta.com\/wp-content\/uploads\/2023\/02\/cacahuate-hot-nut.png 483w, https:\/\/gpohuerta.com\/wp-content\/uploads\/2023\/02\/cacahuate-hot-nut-278x300.png 278w\" sizes=\"auto, (max-width: 483px) 100vw, 483px\" \/><\/a>\n\t\t\t<\/div>\n\t\t\t\t<figcaption class='wp-caption-text gallery-caption' id='gallery-1-1002'>\n\t\t\t\tCacahuate Hot Nut\n\t\t\t\t<\/figcaption><\/figure><figure class='gallery-item'>\n\t\t\t<div class='gallery-icon portrait'>\n\t\t\t\t<a data-elementor-open-lightbox=\"no no no no no no no\" href='https:\/\/gpohuerta.com\/wp-content\/uploads\/2023\/02\/cacahuate-japones.png'><img loading=\"lazy\" decoding=\"async\" width=\"483\" height=\"521\" src=\"https:\/\/gpohuerta.com\/wp-content\/uploads\/2023\/02\/cacahuate-japones.png\" class=\"attachment-medium_large size-medium_large\" alt=\"\" aria-describedby=\"gallery-1-1003\" srcset=\"https:\/\/gpohuerta.com\/wp-content\/uploads\/2023\/02\/cacahuate-japones.png 483w, https:\/\/gpohuerta.com\/wp-content\/uploads\/2023\/02\/cacahuate-japones-278x300.png 278w\" sizes=\"auto, (max-width: 483px) 100vw, 483px\" \/><\/a>\n\t\t\t<\/div>\n\t\t\t\t<figcaption class='wp-caption-text gallery-caption' id='gallery-1-1003'>\n\t\t\t\tCacahuate Japon\u00e9s\n\t\t\t\t<\/figcaption><\/figure><figure class='gallery-item'>\n\t\t\t<div class='gallery-icon portrait'>\n\t\t\t\t<a data-elementor-open-lightbox=\"no no no no no no no no\" href='https:\/\/gpohuerta.com\/wp-content\/uploads\/2023\/02\/cacahuate-macho.png'><img loading=\"lazy\" decoding=\"async\" width=\"483\" height=\"521\" src=\"https:\/\/gpohuerta.com\/wp-content\/uploads\/2023\/02\/cacahuate-macho.png\" class=\"attachment-medium_large size-medium_large\" alt=\"\" aria-describedby=\"gallery-1-1004\" srcset=\"https:\/\/gpohuerta.com\/wp-content\/uploads\/2023\/02\/cacahuate-macho.png 483w, https:\/\/gpohuerta.com\/wp-content\/uploads\/2023\/02\/cacahuate-macho-278x300.png 278w\" sizes=\"auto, (max-width: 483px) 100vw, 483px\" \/><\/a>\n\t\t\t<\/div>\n\t\t\t\t<figcaption class='wp-caption-text gallery-caption' id='gallery-1-1004'>\n\t\t\t\tCacahuate Macho\n\t\t\t\t<\/figcaption><\/figure><figure class='gallery-item'>\n\t\t\t<div class='gallery-icon portrait'>\n\t\t\t\t<a data-elementor-open-lightbox=\"no no no no no no no no no\" href='https:\/\/gpohuerta.com\/wp-content\/uploads\/2023\/02\/cacahuate-mixto.png'><img loading=\"lazy\" decoding=\"async\" width=\"483\" height=\"521\" src=\"https:\/\/gpohuerta.com\/wp-content\/uploads\/2023\/02\/cacahuate-mixto.png\" class=\"attachment-medium_large size-medium_large\" alt=\"\" aria-describedby=\"gallery-1-1005\" srcset=\"https:\/\/gpohuerta.com\/wp-content\/uploads\/2023\/02\/cacahuate-mixto.png 483w, https:\/\/gpohuerta.com\/wp-content\/uploads\/2023\/02\/cacahuate-mixto-278x300.png 278w\" sizes=\"auto, (max-width: 483px) 100vw, 483px\" \/><\/a>\n\t\t\t<\/div>\n\t\t\t\t<figcaption class='wp-caption-text gallery-caption' id='gallery-1-1005'>\n\t\t\t\tCacahuate Mixto\n\t\t\t\t<\/figcaption><\/figure><figure class='gallery-item'>\n\t\t\t<div class='gallery-icon portrait'>\n\t\t\t\t<a data-elementor-open-lightbox=\"no no no no no no no no no no\" href='https:\/\/gpohuerta.com\/wp-content\/uploads\/2023\/02\/cacahuate-tostado.png'><img loading=\"lazy\" decoding=\"async\" width=\"483\" height=\"521\" src=\"https:\/\/gpohuerta.com\/wp-content\/uploads\/2023\/02\/cacahuate-tostado.png\" class=\"attachment-medium_large size-medium_large\" alt=\"\" aria-describedby=\"gallery-1-1006\" srcset=\"https:\/\/gpohuerta.com\/wp-content\/uploads\/2023\/02\/cacahuate-tostado.png 483w, https:\/\/gpohuerta.com\/wp-content\/uploads\/2023\/02\/cacahuate-tostado-278x300.png 278w\" sizes=\"auto, (max-width: 483px) 100vw, 483px\" \/><\/a>\n\t\t\t<\/div>\n\t\t\t\t<figcaption class='wp-caption-text gallery-caption' id='gallery-1-1006'>\n\t\t\t\tCacahuate Tostado\n\t\t\t\t<\/figcaption><\/figure><figure class='gallery-item'>\n\t\t\t<div class='gallery-icon portrait'>\n\t\t\t\t<a data-elementor-open-lightbox=\"no no no no no no no no no no no\" href='https:\/\/gpohuerta.com\/wp-content\/uploads\/2023\/02\/chicharo-con-sal.png'><img loading=\"lazy\" decoding=\"async\" width=\"483\" height=\"521\" src=\"https:\/\/gpohuerta.com\/wp-content\/uploads\/2023\/02\/chicharo-con-sal.png\" class=\"attachment-medium_large size-medium_large\" alt=\"\" aria-describedby=\"gallery-1-1007\" srcset=\"https:\/\/gpohuerta.com\/wp-content\/uploads\/2023\/02\/chicharo-con-sal.png 483w, https:\/\/gpohuerta.com\/wp-content\/uploads\/2023\/02\/chicharo-con-sal-278x300.png 278w\" sizes=\"auto, (max-width: 483px) 100vw, 483px\" \/><\/a>\n\t\t\t<\/div>\n\t\t\t\t<figcaption class='wp-caption-text gallery-caption' id='gallery-1-1007'>\n\t\t\t\tCh\u00edcharo con Sal\n\t\t\t\t<\/figcaption><\/figure><figure class='gallery-item'>\n\t\t\t<div class='gallery-icon portrait'>\n\t\t\t\t<a data-elementor-open-lightbox=\"no no no no no no no no no no no no\" href='https:\/\/gpohuerta.com\/wp-content\/uploads\/2023\/02\/garbanzo-con-chile.png'><img loading=\"lazy\" decoding=\"async\" width=\"483\" height=\"521\" src=\"https:\/\/gpohuerta.com\/wp-content\/uploads\/2023\/02\/garbanzo-con-chile.png\" class=\"attachment-medium_large size-medium_large\" alt=\"\" aria-describedby=\"gallery-1-1008\" srcset=\"https:\/\/gpohuerta.com\/wp-content\/uploads\/2023\/02\/garbanzo-con-chile.png 483w, https:\/\/gpohuerta.com\/wp-content\/uploads\/2023\/02\/garbanzo-con-chile-278x300.png 278w\" sizes=\"auto, (max-width: 483px) 100vw, 483px\" \/><\/a>\n\t\t\t<\/div>\n\t\t\t\t<figcaption class='wp-caption-text gallery-caption' id='gallery-1-1008'>\n\t\t\t\tGarbanzo con Chile\n\t\t\t\t<\/figcaption><\/figure><figure class='gallery-item'>\n\t\t\t<div class='gallery-icon portrait'>\n\t\t\t\t<a data-elementor-open-lightbox=\"no no no no no no no no no no no no no\" href='https:\/\/gpohuerta.com\/wp-content\/uploads\/2023\/02\/gomimango.png'><img loading=\"lazy\" decoding=\"async\" width=\"483\" height=\"521\" src=\"https:\/\/gpohuerta.com\/wp-content\/uploads\/2023\/02\/gomimango.png\" class=\"attachment-medium_large size-medium_large\" alt=\"\" aria-describedby=\"gallery-1-1009\" srcset=\"https:\/\/gpohuerta.com\/wp-content\/uploads\/2023\/02\/gomimango.png 483w, https:\/\/gpohuerta.com\/wp-content\/uploads\/2023\/02\/gomimango-278x300.png 278w\" sizes=\"auto, (max-width: 483px) 100vw, 483px\" \/><\/a>\n\t\t\t<\/div>\n\t\t\t\t<figcaption class='wp-caption-text gallery-caption' id='gallery-1-1009'>\n\t\t\t\tGomimango\n\t\t\t\t<\/figcaption><\/figure><figure class='gallery-item'>\n\t\t\t<div class='gallery-icon portrait'>\n\t\t\t\t<a data-elementor-open-lightbox=\"no no no no no no no no no no no no no no\" href='https:\/\/gpohuerta.com\/wp-content\/uploads\/2023\/02\/mango-enchilado.png'><img loading=\"lazy\" decoding=\"async\" width=\"483\" height=\"521\" src=\"https:\/\/gpohuerta.com\/wp-content\/uploads\/2023\/02\/mango-enchilado.png\" class=\"attachment-medium_large size-medium_large\" alt=\"\" aria-describedby=\"gallery-1-1010\" srcset=\"https:\/\/gpohuerta.com\/wp-content\/uploads\/2023\/02\/mango-enchilado.png 483w, https:\/\/gpohuerta.com\/wp-content\/uploads\/2023\/02\/mango-enchilado-278x300.png 278w\" sizes=\"auto, (max-width: 483px) 100vw, 483px\" \/><\/a>\n\t\t\t<\/div>\n\t\t\t\t<figcaption class='wp-caption-text gallery-caption' id='gallery-1-1010'>\n\t\t\t\tMango Enchilado\n\t\t\t\t<\/figcaption><\/figure><figure class='gallery-item'>\n\t\t\t<div class='gallery-icon portrait'>\n\t\t\t\t<a data-elementor-open-lightbox=\"no no no no no no no no no no no no no no no\" href='https:\/\/gpohuerta.com\/wp-content\/uploads\/2023\/02\/pepita-tostada.png'><img loading=\"lazy\" decoding=\"async\" width=\"483\" height=\"521\" src=\"https:\/\/gpohuerta.com\/wp-content\/uploads\/2023\/02\/pepita-tostada.png\" class=\"attachment-medium_large size-medium_large\" alt=\"\" aria-describedby=\"gallery-1-1011\" srcset=\"https:\/\/gpohuerta.com\/wp-content\/uploads\/2023\/02\/pepita-tostada.png 483w, https:\/\/gpohuerta.com\/wp-content\/uploads\/2023\/02\/pepita-tostada-278x300.png 278w\" sizes=\"auto, (max-width: 483px) 100vw, 483px\" \/><\/a>\n\t\t\t<\/div>\n\t\t\t\t<figcaption class='wp-caption-text gallery-caption' id='gallery-1-1011'>\n\t\t\t\tPepita Tostada\n\t\t\t\t<\/figcaption><\/figure><figure class='gallery-item'>\n\t\t\t<div class='gallery-icon portrait'>\n\t\t\t\t<a data-elementor-open-lightbox=\"no no no no no no no no no no no no no no no no\" href='https:\/\/gpohuerta.com\/wp-content\/uploads\/2023\/02\/semilla-calabaza.png'><img loading=\"lazy\" decoding=\"async\" width=\"483\" height=\"521\" src=\"https:\/\/gpohuerta.com\/wp-content\/uploads\/2023\/02\/semilla-calabaza.png\" class=\"attachment-medium_large size-medium_large\" alt=\"\" aria-describedby=\"gallery-1-1012\" srcset=\"https:\/\/gpohuerta.com\/wp-content\/uploads\/2023\/02\/semilla-calabaza.png 483w, https:\/\/gpohuerta.com\/wp-content\/uploads\/2023\/02\/semilla-calabaza-278x300.png 278w\" sizes=\"auto, (max-width: 483px) 100vw, 483px\" \/><\/a>\n\t\t\t<\/div>\n\t\t\t\t<figcaption class='wp-caption-text gallery-caption' id='gallery-1-1012'>\n\t\t\t\tSemilla Calabaza\n\t\t\t\t<\/figcaption><\/figure>\n\t\t<\/div>\n\t\t<\/div>\n\t\t\t\t<\/div>\n\t\t\t\t<\/div>\n\t\t\t\t\t<\/div>\n\t\t<\/div>\n\t\t\t\t\t\t\t<\/div>\n\t\t<\/section>\n\t\t\t\t<section class=\"elementor-section elementor-top-section elementor-element elementor-element-95f7d53 elementor-section-boxed elementor-section-height-default elementor-section-height-default\" data-id=\"95f7d53\" data-element_type=\"section\">\n\t\t\t\t\t\t<div class=\"elementor-container elementor-column-gap-default\">\n\t\t\t\t\t<div class=\"elementor-column elementor-col-100 elementor-top-column elementor-element elementor-element-a2f9167\" data-id=\"a2f9167\" data-element_type=\"column\">\n\t\t\t<div class=\"elementor-widget-wrap elementor-element-populated\">\n\t\t\t\t\t\t\t\t<div class=\"elementor-element elementor-element-bf62da6 elementor-widget elementor-widget-spacer\" data-id=\"bf62da6\" data-element_type=\"widget\" data-widget_type=\"spacer.default\">\n\t\t\t\t<div class=\"elementor-widget-container\">\n\t\t\t\t\t<div class=\"elementor-spacer\">\n\t\t\t<div class=\"elementor-spacer-inner\"><\/div>\n\t\t<\/div>\n\t\t\t\t<\/div>\n\t\t\t\t<\/div>\n\t\t\t\t<div class=\"elementor-element elementor-element-2c33b23 elementor-align-center elementor-widget elementor-widget-button\" data-id=\"2c33b23\" data-element_type=\"widget\" data-widget_type=\"button.default\">\n\t\t\t\t<div class=\"elementor-widget-container\">\n\t\t\t\t\t<div class=\"elementor-button-wrapper\">\n\t\t\t<a href=\"https:\/\/gpohuerta.com\/index.php\/productos\/\" class=\"elementor-button-link elementor-button elementor-size-lg\" role=\"button\">\n\t\t\t\t\t\t<span class=\"elementor-button-content-wrapper\">\n\t\t\t\t\t\t<span class=\"elementor-button-text\">Ir a Productos<\/span>\n\t\t<\/span>\n\t\t\t\t\t<\/a>\n\t\t<\/div>\n\t\t\t\t<\/div>\n\t\t\t\t<\/div>\n\t\t\t\t<div class=\"elementor-element elementor-element-8204fc6 elementor-widget elementor-widget-spacer\" data-id=\"8204fc6\" data-element_type=\"widget\" data-widget_type=\"spacer.default\">\n\t\t\t\t<div class=\"elementor-widget-container\">\n\t\t\t\t\t<div class=\"elementor-spacer\">\n\t\t\t<div class=\"elementor-spacer-inner\"><\/div>\n\t\t<\/div>\n\t\t\t\t<\/div>\n\t\t\t\t<\/div>\n\t\t\t\t\t<\/div>\n\t\t<\/div>\n\t\t\t\t\t\t\t<\/div>\n\t\t<\/section>\n\t\t\t\t\t\t<\/div>\n\t\t\t\t\t<\/div>\n\t\t","protected":false},"excerpt":{"rendered":"<p>Botanas Cacahuate Cascarita Cacahuate C\u00e1scara Cacahuate Enchilado Cacahuate Garapi\u00f1ado Cacahuate Habanero Cacahuate Hot Nut Cacahuate Japon\u00e9s Cacahuate Macho Cacahuate Mixto Cacahuate Tostado Ch\u00edcharo con Sal Garbanzo con Chile Gomimango Mango Enchilado Pepita Tostada Semilla Calabaza Ir a Productos<\/p>\n","protected":false},"author":2,"featured_media":917,"parent":0,"menu_order":0,"comment_status":"closed","ping_status":"closed","template":"","meta":{"om_disable_all_campaigns":false,"_monsterinsights_skip_tracking":false,"_monsterinsights_sitenote_active":false,"_monsterinsights_sitenote_note":"","_monsterinsights_sitenote_category":0,"footnotes":""},"class_list":["post-972","page","type-page","status-publish","has-post-thumbnail","hentry"],"_links":{"self":[{"href":"https:\/\/gpohuerta.com\/index.php\/wp-json\/wp\/v2\/pages\/972","targetHints":{"allow":["GET"]}}],"collection":[{"href":"https:\/\/gpohuerta.com\/index.php\/wp-json\/wp\/v2\/pages"}],"about":[{"href":"https:\/\/gpohuerta.com\/index.php\/wp-json\/wp\/v2\/types\/page"}],"author":[{"embeddable":true,"href":"https:\/\/gpohuerta.com\/index.php\/wp-json\/wp\/v2\/users\/2"}],"replies":[{"embeddable":true,"href":"https:\/\/gpohuerta.com\/index.php\/wp-json\/wp\/v2\/comments?post=972"}],"version-history":[{"count":8,"href":"https:\/\/gpohuerta.com\/index.php\/wp-json\/wp\/v2\/pages\/972\/revisions"}],"predecessor-version":[{"id":1035,"href":"https:\/\/gpohuerta.com\/index.php\/wp-json\/wp\/v2\/pages\/972\/revisions\/1035"}],"wp:featuredmedia":[{"embeddable":true,"href":"https:\/\/gpohuerta.com\/index.php\/wp-json\/wp\/v2\/media\/917"}],"wp:attachment":[{"href":"https:\/\/gpohuerta.com\/index.php\/wp-json\/wp\/v2\/media?parent=972"}],"curies":[{"name":"wp","href":"https:\/\/api.w.org\/{rel}","templated":true}]}}